{"id":3049,"date":"2024-12-28T08:15:15","date_gmt":"2024-12-28T06:15:15","guid":{"rendered":"http:\/\/notredamedegrandselve.fr\/?page_id=3049"},"modified":"2026-04-27T16:07:00","modified_gmt":"2026-04-27T14:07:00","slug":"one-page-express","status":"publish","type":"page","link":"https:\/\/notredamedegrandselve.fr\/","title":{"rendered":"Front Page"},"content":{"rendered":"<div  data-label=\"Raccourcis photos\" data-id=\"stripped-features-image-cards-section\" data-category=\"overlapable\" data-=\"\" class=\"features-image-cards-section stripped-features-image-cards-section\" data-overlap=\"true\" id=\"raccourcis-photos\" style=\"background-color: rgb(255, 255, 255);\"> <div  class=\"gridContainer\"> <div  class=\"features-image-cards-innerrow flexbox-list\" data-type=\"row\"> <div  class=\"features-image-cards-cardcol cp4cols cp6cols-tablet\"> <div  class=\"features-image-cards-cardrow\"><img  decoding=\"async\" class=\"features-image-cards-featimg\" src=\"http:\/\/notredamedegrandselve.fr\/wp-content\/uploads\/2024\/12\/Capture-decran-2024-12-28-a-07.47.01.png\" alt=\"\"> <div  class=\"features-image-cards-cardtextrow\" data-type=\"column\"> <h4  class=\"\">Bapt\u00eames, mariages<\/h4> <p  class=\"\">Vous d\u00e9sirez demander le mariage, le bapteme, la confirmation, faire votre premiere communion, nous vous accompagnons<\/p>  <a  class=\"button blue\" href=\"https:\/\/notredamedegrandselve.fr?p=3081\" target=\"_self\">en savoir plus<\/a><\/div> <\/div> <\/div> <div  class=\"features-image-cards-cardcol cp4cols cp6cols-tablet\"> <div  class=\"features-image-cards-cardrow\"><img  decoding=\"async\" class=\"features-image-cards-featimg\" src=\"http:\/\/notredamedegrandselve.fr\/wp-content\/uploads\/2024\/05\/Capture-decran-2024-05-19-a-11.18.50.png\" alt=\"\"> <div  class=\"features-image-cards-cardtextrow\" data-type=\"column\"> <h4  class=\"\">Notre paroisse<\/h4> <p  class=\"\">Venez d\u00e9couvrir la vie de la Paroisse de Grand Selve, les diff\u00e9rents groupes ou mouvements : pour les enfants, pour les familles, pour aider les malades, pour prier ensemble : Nous vous accueillons !<\/p>  <a  class=\"button blue\" href=\"https:\/\/notredamedegrandselve.fr?cat=39\" target=\"_self\">en savoir plus<\/a><\/div> <\/div> <\/div> <div  class=\"features-image-cards-cardcol cp4cols cp6cols-tablet\"> <div  class=\"features-image-cards-cardrow\"><img  decoding=\"async\" class=\"features-image-cards-featimg\" src=\"http:\/\/notredamedegrandselve.fr\/wp-content\/uploads\/2022\/10\/WhatsApp-Image-2022-10-09-at-21.21.22.jpeg\" alt=\"\"> <div  class=\"features-image-cards-cardtextrow\" data-type=\"column\"> <h4  class=\"\">Agenda et infos pratiques<\/h4> <p  class=\"\">Vous cherchez l\u2019horaire d\u2019une messe, d\u2019une r\u00e9union, des infos sur une \u00e9glise en particulier, retrouvez l\u2019\u00e9cho des Clochers en ligne, nous vous informons&nbsp;<\/p>  <a  class=\"button blue\" href=\"https:\/\/notredamedegrandselve.fr?cat=33\" target=\"_self\">en savoir plus<\/a><\/div> <\/div> <\/div> <\/div> <\/div><\/div><div data-label=\"Portfolio\" data-id=\"portfolio-full-section\" data-category=\"portfolio\" id=\"portfolio-2\" class=\"portfolio-full-section\"  style=\"background-color: rgb(246, 246, 246);\"> <div class=\"portfolio-full-section\" data-type=\"row\" >   <div class=\"portfolio-full-projectco cp4cols cp4cols-tablet\" > <div class=\"contentswap-effect ContentSwap103\" hover-fx=\"ContentSwap103\" id=\"ContentSwap103\" is-hovered=\"1\" > <div class=\"ContentSwap103_content initial-image\" ><img decoding=\"async\" class=\"portfolio-full-projectimg\" data-size=\"1200x800\" src=\"http:\/\/notredamedegrandselve.fr\/wp-content\/uploads\/2026\/04\/cropped-triduum_2026_MVI_131-rotated-1.jpg\" > <\/div> <div class=\"overlay\" style=\"display: block; opacity: 1;\" ><\/div> <div class=\"swap-inner\" style=\"opacity: 1; display: block;\" > <div class=\"ContentSwap103-center\" > <h4 class=\"protfolio-full-itemtitle\" >Photos Paques 2026<\/h4><a class=\"button yellow\" href=\"https:\/\/notredamedegrandselve.fr?page_id=3207\"  target=\"_self\">Voir<\/a> <\/div> <\/div> <\/div> <\/div><\/div><\/div><div  id=\"latest-posts\" style=\"background-color: #ffffff;\" data-label=\"Latest posts\" data-id=\"blog-section\" data-category=\"latest_news\" class=\"blog-section\"> <div  class=\"gridContainer\"> <div  class=\"blog-textrow\"> <div  class=\"blog-textcol dynamic-color\" data-type=\"column\">   <\/div> <\/div> <div  class=\"blog-postsrow dark-text\" data-type=\"row\" data-dynamic-columns=\"one_page_express_latest_news_columns\" data-content-shortcode=\"one_page_express_latest_news\">\t\t\t<div id=\"post-3541\" class=\"blog-postcol cp4cols\">\n\t\t\t<div class=\"post-content\">\n\t\t\t\t\t\t\t\t<div class=\"row_345\">\n\t\t\t\t\t<h3 class=\"blog-title\">\n\t\t\t\t\t\t<a href=\"https:\/\/notredamedegrandselve.fr\/?p=3541\" rel=\"bookmark\">\n\t\t\t\t\t\t\tF\u00eate Dieu 2026\t\t\t\t\t\t<\/a>\n\t\t\t\t\t<\/h3>\n\t\t\t\t\t<p>Retrouvons-nous pour c\u00e9l\u00e9brer ensemble la F\u00eate-Dieu ! Les 6 et 7 juin, la paroisse du Grand Selve vous invite \u00e0 vivre un week-end chaleureux et festif : Samedi \u00e0 19h,[&hellip;]<\/p>\n\t\t\t\t\t<a class=\"button blue small\" href=\"https:\/\/notredamedegrandselve.fr\/?p=3541\">\n\t\t\t\t\t\t<span data-theme=\"one_page_express_latest_news_read_more\">Read more<\/span>\n\t\t\t\t\t<\/a>\n\t\t\t\t\t<hr class=\"blog-separator\">\n<div class=\"post-header\">\n    <i class=\"font-icon-post fa fa-user\"><\/i>\n    <a href=\"https:\/\/notredamedegrandselve.fr\/?author=1\" title=\"Articles par admin\" rel=\"author\">admin<\/a>    <i class=\"font-icon-post fa fa-calendar\"><\/i>\n    <span class=\"span12\">27\/04\/2026<\/span>\n\n    <i class=\"font-icon-post fa fa-comment-o\"><\/i>\n    <span>0<\/span>\n<\/div>\t\t\t\t<\/div>\n\t\t\t<\/div>\n\t\t<\/div>\n\t\t\t\t<div id=\"post-3538\" class=\"blog-postcol cp4cols\">\n\t\t\t<div class=\"post-content\">\n\t\t\t\t\t\t\t\t<div class=\"row_345\">\n\t\t\t\t\t<h3 class=\"blog-title\">\n\t\t\t\t\t\t<a href=\"https:\/\/notredamedegrandselve.fr\/?p=3538\" rel=\"bookmark\">\n\t\t\t\t\t\t\tRogations 2026\t\t\t\t\t\t<\/a>\n\t\t\t\t\t<\/h3>\n\t\t\t\t\t<p>Comme chaque ann\u00e9e, retrouvons-nous le dimanche 17 mai 2026 \u00e0 11h dans l\u2019\u00e9glise de Drudas pour un moment de partage et de pri\u00e8re. Nous rendrons gr\u00e2ce au Seigneur pour le[&hellip;]<\/p>\n\t\t\t\t\t<a class=\"button blue small\" href=\"https:\/\/notredamedegrandselve.fr\/?p=3538\">\n\t\t\t\t\t\t<span data-theme=\"one_page_express_latest_news_read_more\">Read more<\/span>\n\t\t\t\t\t<\/a>\n\t\t\t\t\t<hr class=\"blog-separator\">\n<div class=\"post-header\">\n    <i class=\"font-icon-post fa fa-user\"><\/i>\n    <a href=\"https:\/\/notredamedegrandselve.fr\/?author=1\" title=\"Articles par admin\" rel=\"author\">admin<\/a>    <i class=\"font-icon-post fa fa-calendar\"><\/i>\n    <span class=\"span12\">27\/04\/2026<\/span>\n\n    <i class=\"font-icon-post fa fa-comment-o\"><\/i>\n    <span>0<\/span>\n<\/div>\t\t\t\t<\/div>\n\t\t\t<\/div>\n\t\t<\/div>\n\t\t\t\t<div id=\"post-3535\" class=\"blog-postcol cp4cols\">\n\t\t\t<div class=\"post-content\">\n\t\t\t\t\t\t\t\t<div class=\"row_345\">\n\t\t\t\t\t<h3 class=\"blog-title\">\n\t\t\t\t\t\t<a href=\"https:\/\/notredamedegrandselve.fr\/?p=3535\" rel=\"bookmark\">\n\t\t\t\t\t\t\tMai &#8211; Juin 2026\t\t\t\t\t\t<\/a>\n\t\t\t\t\t<\/h3>\n\t\t\t\t\t<p>T\u00e9l\u00e9chargez l&rsquo;\u00e9cho des Clochers de Mai et Juin 2026<\/p>\n\t\t\t\t\t<a class=\"button blue small\" href=\"https:\/\/notredamedegrandselve.fr\/?p=3535\">\n\t\t\t\t\t\t<span data-theme=\"one_page_express_latest_news_read_more\">Read more<\/span>\n\t\t\t\t\t<\/a>\n\t\t\t\t\t<hr class=\"blog-separator\">\n<div class=\"post-header\">\n    <i class=\"font-icon-post fa fa-user\"><\/i>\n    <a href=\"https:\/\/notredamedegrandselve.fr\/?author=1\" title=\"Articles par admin\" rel=\"author\">admin<\/a>    <i class=\"font-icon-post fa fa-calendar\"><\/i>\n    <span class=\"span12\">27\/04\/2026<\/span>\n\n    <i class=\"font-icon-post fa fa-comment-o\"><\/i>\n    <span>0<\/span>\n<\/div>\t\t\t\t<\/div>\n\t\t\t<\/div>\n\t\t<\/div>\n\t\t<\/div> <div  class=\"blog-textcol\"> <a  class=\"button blue\" data-attr-shortcode=\"href:one_page_express_blog_link\" href=\"https:\/\/notredamedegrandselve.fr\/?page_id=3050\">SEE ALL BLOG POSTS<\/a> <\/div> <\/div><\/div><div  id=\"about-1\" style=\"background-color: #f6f6f6;\" data-label=\"About\" data-id=\"about-big-images-section\" data-category=\"about\" class=\"about-big-images-section\"> <div  class=\"gridContainer\"> <div  class=\"about-big-images-textrow\"> <div  class=\"about-big-images-textcol dynamic-color\" data-type=\"column\"> <h5  class=\"\">NOTRE DAME DE GRAND SELVE<\/h5> <h3  class=\"\">40 clochers pour c\u00e9l\u00e9brer le Seigneur<\/h3> <p  class=\"\">La paroisse de Grand Selve s\u2019\u00e9tend sur 40km de long, elle va de la Garonne au Gers. \n<br >Elle contient plus de 40 \u00e9glises et chapelles.&nbsp;&nbsp;<\/p> <a  class=\"button blue big\" href=\"#\" target=\"_self\">D\u00e9couvrir la paroisse<\/a> <\/div> <\/div> <\/div> <div  class=\"about-big-images-bottomrow gridContainer\"> <div  class=\"about-big-images-leftimgcol\"><img  decoding=\"async\" class=\"about-big-images-leftimg\" src=\"http:\/\/notredamedegrandselve.fr\/wp-content\/uploads\/2022\/10\/WhatsApp-Image-2022-10-08-at-17.56.34.jpeg\" alt=\"\"> <\/div> <div  class=\"about-big-images-centerimgcol\"><img  decoding=\"async\" class=\"about-big-images-centerimg\" src=\"http:\/\/notredamedegrandselve.fr\/wp-content\/uploads\/2016\/10\/Capture-d\u2019e\u0301cran-2023-06-04-a\u0300-07.01.40-1.png\" alt=\"\"> <\/div> <div  class=\"about-big-images-rightimgcol\"><img  decoding=\"async\" class=\"about-big-images-rightimg\" src=\"http:\/\/notredamedegrandselve.fr\/wp-content\/uploads\/2022\/10\/1-BUFFET.jpg\" alt=\"\"> <\/div> <\/div> <\/div><div  data-label=\"Content\" data-id=\"content-image-right\" data-category=\"content\" class=\"content-right-image-section content-image-right\" id=\"content-4\" style=\"background-color: rgb(255, 255, 255);\"> <div  class=\"gridContainer\"> <div  class=\"content-right-image-gridcol\"> <div  class=\"content-right-image-textcol dynamic-color\" data-type=\"column\"> <h2  class=\"\">Contactez nous<\/h2> <p  class=\"large_text\">Presbyt\u00e8re de Grenade&nbsp;(en face de l\u2019\u00e9glise)<br >&nbsp;<br >19 Rue Gambetta<br >31 330 Grenade<br >05 61 82 61 35<br >secretariat.grandselve@orange.fr<br ><br >Permanences:<br ><br >Mardi : 10-12h \/ 16-19h<br >Mercredi : 17-19h<br >Jeudi : 10-12h \/ 17-19h<br >Vendredi : 10-12h \/ 17-19h<br >Samedi : 10-12h<\/p>  <\/div> <div  class=\"content-right-image-imgcol\" data-type=\"column\"> <img  decoding=\"async\" src=\"http:\/\/notredamedegrandselve.fr\/wp-content\/uploads\/2024\/12\/20181014_114623-scaled.jpg\" class=\"\" alt=\"\"> <\/div> <\/div> <\/div> <\/div>","protected":false},"excerpt":{"rendered":"<p>T\u00e9l\u00e9chargez l&rsquo;\u00e9cho des Clochers de Mai et Juin 2026<\/p>\n","protected":false},"author":1,"featured_media":0,"parent":0,"menu_order":0,"comment_status":"closed","ping_status":"closed","template":"","meta":{"footnotes":""},"class_list":["post-3049","page","type-page","status-publish","hentry"],"_links":{"self":[{"href":"https:\/\/notredamedegrandselve.fr\/index.php?rest_route=\/wp\/v2\/pages\/3049","targetHints":{"allow":["GET"]}}],"collection":[{"href":"https:\/\/notredamedegrandselve.fr\/index.php?rest_route=\/wp\/v2\/pages"}],"about":[{"href":"https:\/\/notredamedegrandselve.fr\/index.php?rest_route=\/wp\/v2\/types\/page"}],"author":[{"embeddable":true,"href":"https:\/\/notredamedegrandselve.fr\/index.php?rest_route=\/wp\/v2\/users\/1"}],"replies":[{"embeddable":true,"href":"https:\/\/notredamedegrandselve.fr\/index.php?rest_route=%2Fwp%2Fv2%2Fcomments&post=3049"}],"version-history":[{"count":9,"href":"https:\/\/notredamedegrandselve.fr\/index.php?rest_route=\/wp\/v2\/pages\/3049\/revisions"}],"predecessor-version":[{"id":3546,"href":"https:\/\/notredamedegrandselve.fr\/index.php?rest_route=\/wp\/v2\/pages\/3049\/revisions\/3546"}],"wp:attachment":[{"href":"https:\/\/notredamedegrandselve.fr\/index.php?rest_route=%2Fwp%2Fv2%2Fmedia&parent=3049"}],"curies":[{"name":"wp","href":"https:\/\/api.w.org\/{rel}","templated":true}]}}